{"id":7,"date":"2018-04-09T08:33:32","date_gmt":"2018-04-09T06:33:32","guid":{"rendered":"http:\/\/jura-alpin.de\/?page_id=7"},"modified":"2025-05-23T11:33:20","modified_gmt":"2025-05-23T09:33:20","slug":"startseite","status":"publish","type":"page","link":"https:\/\/www.jura-alpin.de\/","title":{"rendered":"Erlebniscenter jura alpin in Hirschbach"},"content":{"rendered":"<div id=\"LayoutLYR\">\n<div id=\"Text1LYR\" class=\"TextObject\">\n<p style=\"text-align: left;\">Das Erlebniscenter jura alpin liegt am Ortsrand von Hirschbach im Franken- \/ Oberpf\u00e4lzer jura. Ausgestattet mit 1-, 2- und 4-Bett Zimmern (alle mit Dusche) sowie Aufenthalts- und Schulungsr\u00e4umen ist es ideal f\u00fcr gro\u00dfe und kleine Gruppen, Schulklassen und Vereine.<\/p>\n<p style=\"text-align: left;\">Das Hirschbachtal, 40 km \u00f6stlich von N\u00fcrnberg, z\u00e4hlt zweifellos zu den sch\u00f6nsten Mittelgebirgslandschaften Deutschlands. Der Jurafels &#8211; Deutschlands gr\u00f6\u00dfter Klettergarten mit \u00fcber 8000 Klettertouren &#8211; eignet sich hervorragend zum Freeclimbing.<\/p>\n<p style=\"text-align: left;\">Ideale Trainingsm\u00f6glichkeiten zum Vertiefen der Klettertechnik bieten der 10 m hohe Kletterturm und die Boulderhalle. Zum Entspannen l\u00e4dt das benachbarte Freibad ein. Die n\u00e4here Umgebung lockt mit H\u00f6hlen und Klettersteigen sowie ausgezeichneten M\u00f6glichkeiten f\u00fcr Freeclimbing und Kajak- oder Kanutouren.<\/p>\n<p style=\"text-align: center;\"><iframe loading=\"lazy\" src=\"https:\/\/www.youtube.com\/embed\/GIvLN54k0us?rel=0\" allowfullscreen=\"allowfullscreen\" width=\"560\" height=\"315\" frameborder=\"0\"><\/iframe><\/p>\n<p style=\"text-align: center;\"><a href=\"https:\/\/www.jura-alpin.de\/wp-content\/uploads\/2018\/04\/aussen1.jpg\" target=\"_blank\" rel=\"noopener\"><img loading=\"lazy\" decoding=\"async\" class=\"wp-image-85 size-thumbnail alignnone\" src=\"https:\/\/www.jura-alpin.de\/wp-content\/uploads\/2018\/04\/aussen1-150x150.jpg\" alt=\"Erlabniscenter jura alpin - Luftbild\" width=\"150\" height=\"150\" srcset=\"https:\/\/www.jura-alpin.de\/wp-content\/uploads\/2018\/04\/aussen1-150x150.jpg 150w, https:\/\/www.jura-alpin.de\/wp-content\/uploads\/2018\/04\/aussen1-100x100.jpg 100w\" sizes=\"auto, (max-width: 150px) 100vw, 150px\" \/><\/a><a href=\"https:\/\/www.jura-alpin.de\/wp-content\/uploads\/2018\/04\/aussen2.jpg\" target=\"_blank\" rel=\"noopener\"><img loading=\"lazy\" decoding=\"async\" class=\"alignnone wp-image-86 size-thumbnail\" src=\"https:\/\/www.jura-alpin.de\/wp-content\/uploads\/2018\/04\/aussen2-150x150.jpg\" alt=\"Erlabniscenter jura alpin - Luftbild\" width=\"150\" height=\"150\" srcset=\"https:\/\/www.jura-alpin.de\/wp-content\/uploads\/2018\/04\/aussen2-150x150.jpg 150w, https:\/\/www.jura-alpin.de\/wp-content\/uploads\/2018\/04\/aussen2-100x100.jpg 100w\" sizes=\"auto, (max-width: 150px) 100vw, 150px\" \/><\/a><a href=\"https:\/\/www.jura-alpin.de\/wp-content\/uploads\/2018\/04\/fr\u00e4nkische_schweiz_erlebniscenter_klettern_amberg_sulzbach_hersbruck_n\u00fcrnberg_wandern_urlaub_familie_ferienhaus_\u00fcbernachtung6.jpg\" target=\"_blank\" rel=\"noopener\"><img loading=\"lazy\" decoding=\"async\" class=\"alignnone wp-image-113 size-thumbnail\" src=\"https:\/\/www.jura-alpin.de\/wp-content\/uploads\/2018\/04\/fr\u00e4nkische_schweiz_erlebniscenter_klettern_amberg_sulzbach_hersbruck_n\u00fcrnberg_wandern_urlaub_familie_ferienhaus_\u00fcbernachtung6-150x150.jpg\" alt=\"\" width=\"150\" height=\"150\" srcset=\"https:\/\/www.jura-alpin.de\/wp-content\/uploads\/2018\/04\/fr\u00e4nkische_schweiz_erlebniscenter_klettern_amberg_sulzbach_hersbruck_n\u00fcrnberg_wandern_urlaub_familie_ferienhaus_\u00fcbernachtung6-150x150.jpg 150w, https:\/\/www.jura-alpin.de\/wp-content\/uploads\/2018\/04\/fr\u00e4nkische_schweiz_erlebniscenter_klettern_amberg_sulzbach_hersbruck_n\u00fcrnberg_wandern_urlaub_familie_ferienhaus_\u00fcbernachtung6-100x100.jpg 100w\" sizes=\"auto, (max-width: 150px) 100vw, 150px\" \/><\/a><\/p>\n<\/div>\n<\/div>\n","protected":false},"excerpt":{"rendered":"<p>Das Erlebniscenter jura alpin liegt am Ortsrand von Hirschbach im Franken- \/ Oberpf\u00e4lzer jura. Ausgestattet mit 1-, 2- und 4-Bett Zimmern (alle mit Dusche) sowie Aufenthalts- und Schulungsr\u00e4umen ist es ideal f\u00fcr gro\u00dfe und kleine Gruppen, Schulklassen und Vereine. Das Hirschbachtal, 40 km \u00f6stlich von N\u00fcrnberg, z\u00e4hlt zweifellos zu den sch\u00f6nsten Mittelgebirgslandschaften Deutschlands. Der Jurafels &hellip; <\/p>\n<p class=\"link-more\"><a href=\"https:\/\/www.jura-alpin.de\/\" class=\"more-link\"><span class=\"screen-reader-text\">\u201eErlebniscenter jura alpin in Hirschbach\u201c <\/span>weiterlesen<\/a><\/p>\n","protected":false},"author":1,"featured_media":0,"parent":0,"menu_order":0,"comment_status":"closed","ping_status":"open","template":"","meta":{"footnotes":""},"class_list":["post-7","page","type-page","status-publish","hentry"],"_links":{"self":[{"href":"https:\/\/www.jura-alpin.de\/index.php?rest_route=\/wp\/v2\/pages\/7","targetHints":{"allow":["GET"]}}],"collection":[{"href":"https:\/\/www.jura-alpin.de\/index.php?rest_route=\/wp\/v2\/pages"}],"about":[{"href":"https:\/\/www.jura-alpin.de\/index.php?rest_route=\/wp\/v2\/types\/page"}],"author":[{"embeddable":true,"href":"https:\/\/www.jura-alpin.de\/index.php?rest_route=\/wp\/v2\/users\/1"}],"replies":[{"embeddable":true,"href":"https:\/\/www.jura-alpin.de\/index.php?rest_route=%2Fwp%2Fv2%2Fcomments&post=7"}],"version-history":[{"count":4,"href":"https:\/\/www.jura-alpin.de\/index.php?rest_route=\/wp\/v2\/pages\/7\/revisions"}],"predecessor-version":[{"id":168,"href":"https:\/\/www.jura-alpin.de\/index.php?rest_route=\/wp\/v2\/pages\/7\/revisions\/168"}],"wp:attachment":[{"href":"https:\/\/www.jura-alpin.de\/index.php?rest_route=%2Fwp%2Fv2%2Fmedia&parent=7"}],"curies":[{"name":"wp","href":"https:\/\/api.w.org\/{rel}","templated":true}]}}