{"id":171,"date":"2019-09-23T15:42:02","date_gmt":"2019-09-23T13:42:02","guid":{"rendered":"https:\/\/www.jura-alpin.de\/?page_id=171"},"modified":"2019-09-23T16:01:47","modified_gmt":"2019-09-23T14:01:47","slug":"ausleihmaterial","status":"publish","type":"page","link":"https:\/\/www.jura-alpin.de\/?page_id=171","title":{"rendered":"Ausleihmaterial"},"content":{"rendered":"\n<p>auf dieser Seite finden Sie Equipment, welches Sie bei uns auch gegen eine geringe Geb\u00fchr ausleihen k\u00f6nnen: <\/p>\n\n\n\n<p><strong>Klettersteigset:<\/strong><br> 8-10 Uhr Abholung<br> 15-16-Uhr R\u00fcckgabe<br> 20,00 \u20ac Geb\u00fchr \/ Tag in bar<br>&#8211; Es werden nur komplette Sets ausgeliehen.<br>&#8211; Bitte vereinbaren Sie telefonisch einen verbindlichen Termin.<br>&#8211; Geben Sie hier bitte die genauen Abhol- und R\u00fcckgabezeiten an sowie eine Mobilfunknummer, unter der wir Sie erreichen k\u00f6nnen.<br>&#8211; Als Pfand ist ein Ausweis oder F\u00fchrerschein zu hinterlegen.<\/p>\n","protected":false},"excerpt":{"rendered":"<p>auf dieser Seite finden Sie Equipment, welches Sie bei uns auch gegen eine geringe Geb\u00fchr ausleihen k\u00f6nnen: Klettersteigset: 8-10 Uhr Abholung 15-16-Uhr R\u00fcckgabe 20,00 \u20ac Geb\u00fchr \/ Tag in bar&#8211; Es werden nur komplette Sets ausgeliehen.&#8211; Bitte vereinbaren Sie telefonisch einen verbindlichen Termin.&#8211; Geben Sie hier bitte die genauen Abhol- und R\u00fcckgabezeiten an sowie eine &hellip; <\/p>\n<p class=\"link-more\"><a href=\"https:\/\/www.jura-alpin.de\/?page_id=171\" class=\"more-link\"><span class=\"screen-reader-text\">\u201eAusleihmaterial\u201c <\/span>weiterlesen<\/a><\/p>\n","protected":false},"author":1,"featured_media":0,"parent":0,"menu_order":0,"comment_status":"closed","ping_status":"closed","template":"","meta":{"footnotes":""},"class_list":["post-171","page","type-page","status-publish","hentry"],"_links":{"self":[{"href":"https:\/\/www.jura-alpin.de\/index.php?rest_route=\/wp\/v2\/pages\/171","targetHints":{"allow":["GET"]}}],"collection":[{"href":"https:\/\/www.jura-alpin.de\/index.php?rest_route=\/wp\/v2\/pages"}],"about":[{"href":"https:\/\/www.jura-alpin.de\/index.php?rest_route=\/wp\/v2\/types\/page"}],"author":[{"embeddable":true,"href":"https:\/\/www.jura-alpin.de\/index.php?rest_route=\/wp\/v2\/users\/1"}],"replies":[{"embeddable":true,"href":"https:\/\/www.jura-alpin.de\/index.php?rest_route=%2Fwp%2Fv2%2Fcomments&post=171"}],"version-history":[{"count":2,"href":"https:\/\/www.jura-alpin.de\/index.php?rest_route=\/wp\/v2\/pages\/171\/revisions"}],"predecessor-version":[{"id":175,"href":"https:\/\/www.jura-alpin.de\/index.php?rest_route=\/wp\/v2\/pages\/171\/revisions\/175"}],"wp:attachment":[{"href":"https:\/\/www.jura-alpin.de\/index.php?rest_route=%2Fwp%2Fv2%2Fmedia&parent=171"}],"curies":[{"name":"wp","href":"https:\/\/api.w.org\/{rel}","templated":true}]}}